{"id":2073,"date":"2023-09-09T18:17:01","date_gmt":"2023-09-09T18:17:01","guid":{"rendered":"https:\/\/rrdevs.net\/demos\/wp\/nahla-dev\/?page_id=39"},"modified":"2025-03-25T17:57:37","modified_gmt":"2025-03-25T14:57:37","slug":"contact","status":"publish","type":"page","link":"https:\/\/tarmanmadencilik.com\/index.php\/contact\/","title":{"rendered":"Contact Us"},"content":{"rendered":"\t\t<div data-elementor-type=\"wp-page\" data-elementor-id=\"2073\" class=\"elementor elementor-2073\">\n\t\t\t\t\t\t<section class=\"elementor-section elementor-top-section elementor-element elementor-element-8515837 elementor-section-boxed elementor-section-height-default elementor-section-height-default\" data-id=\"8515837\" data-element_type=\"section\">\n\t\t\t\t\t\t<div class=\"elementor-container elementor-column-gap-default\">\n\t\t\t\t\t<div class=\"elementor-column elementor-col-100 elementor-top-column elementor-element elementor-element-ca4b440\" data-id=\"ca4b440\" data-element_type=\"column\">\n\t\t\t<div class=\"elementor-widget-wrap elementor-element-populated\">\n\t\t\t\t\t\t<div class=\"elementor-element elementor-element-8a93403 elementor-widget elementor-widget-google_maps\" data-id=\"8a93403\" data-element_type=\"widget\" data-widget_type=\"google_maps.default\">\n\t\t\t\t<div class=\"elementor-widget-container\">\n\t\t\t<style>\/*! elementor - v3.19.0 - 29-01-2024 *\/\n.elementor-widget-google_maps .elementor-widget-container{overflow:hidden}.elementor-widget-google_maps .elementor-custom-embed{line-height:0}.elementor-widget-google_maps iframe{height:300px}<\/style>\t\t<div class=\"elementor-custom-embed\">\n\t\t\t<iframe loading=\"lazy\"\n\t\t\t\t\tsrc=\"https:\/\/maps.google.com\/maps?q=K%C3%BC%C3%A7%C3%BCkbakkalk%C3%B6y%2C%20Kay%C4%B1%C5%9Fda%C4%9F%C4%B1%20Cd.%2069-A%2C%2034750%20Ata%C5%9Fehir%2F%C4%B0stanbul&#038;t=m&#038;z=20&#038;output=embed&#038;iwloc=near\"\n\t\t\t\t\ttitle=\"K\u00fc\u00e7\u00fckbakkalk\u00f6y, Kay\u0131\u015fda\u011f\u0131 Cd. 69-A, 34750 Ata\u015fehir\/\u0130stanbul\"\n\t\t\t\t\taria-label=\"K\u00fc\u00e7\u00fckbakkalk\u00f6y, Kay\u0131\u015fda\u011f\u0131 Cd. 69-A, 34750 Ata\u015fehir\/\u0130stanbul\"\n\t\t\t><\/iframe>\n\t\t<\/div>\n\t\t\t\t<\/div>\n\t\t\t\t<\/div>\n\t\t\t\t\t<\/div>\n\t\t<\/div>\n\t\t\t\t\t<\/div>\n\t\t<\/section>\n\t\t\t\t<section class=\"elementor-section elementor-top-section elementor-element elementor-element-4f71a2f elementor-section-boxed elementor-section-height-default elementor-section-height-default\" data-id=\"4f71a2f\" data-element_type=\"section\">\n\t\t\t\t\t\t<div class=\"elementor-container elementor-column-gap-default\">\n\t\t\t\t\t<div class=\"elementor-column elementor-col-50 elementor-top-column elementor-element elementor-element-db235b8\" data-id=\"db235b8\" data-element_type=\"column\">\n\t\t\t<div class=\"elementor-widget-wrap elementor-element-populated\">\n\t\t\t\t\t\t<div class=\"elementor-element elementor-element-cc40bc2 elementor-widget elementor-widget-nahla-heading\" data-id=\"cc40bc2\" data-element_type=\"widget\" data-widget_type=\"nahla-heading.default\">\n\t\t\t\t<div class=\"elementor-widget-container\">\n\t\t\t\t\t\t<div class=\"section-title text-left\">\n\t\t\t\t\t\t\t\t\t<h6>\n\t\t\t\t\t\t<span class=\"title-arrow\"><i class=\"fa-solid fa-arrow-right\"><\/i><\/span>\n\t\t\t\t\t\tGet In Touch\t\t\t\t\t<\/h6>\n\t\t\t\t\t\t\t\t<h2 class=\"nahla-section-title nahla-el-title\">Get In Touch Our <br> Contact Us.<\/h2>\t\t\t\t\t\t\t<\/div>\n\t\t\t\t<\/div>\n\t\t\t\t<\/div>\n\t\t\t\t<div class=\"elementor-element elementor-element-9ecf964 elementor-widget elementor-widget-nahla_contact_info\" data-id=\"9ecf964\" data-element_type=\"widget\" data-widget_type=\"nahla_contact_info.default\">\n\t\t\t\t<div class=\"elementor-widget-container\">\n\t\t\t\n            <div class=\"contact-info\">\n                                    <a href=\"tel: +55 (9900) 666 22\">\n                                                    <img decoding=\"async\" src=\"https:\/\/rrdevs.net\/demos\/wp\/nahla\/wp-content\/uploads\/2023\/09\/Icon_arrow-1.svg\" alt=\"\">\n                                                                            +90 (535) 433 80 38                                            <\/a>\n                                    <a href=\"mailto:info@tarmanmadencilik.com\">\n                                                    <img decoding=\"async\" src=\"https:\/\/rrdevs.net\/demos\/wp\/nahla\/wp-content\/uploads\/2023\/09\/Icon_arrow-1.svg\" alt=\"\">\n                                                                            info@tarmanmadencilik.com                                            <\/a>\n                                    <a href=\"mailto:export@tarmanmadencilik.com\">\n                                                    <img decoding=\"async\" src=\"https:\/\/rrdevs.net\/demos\/wp\/nahla\/wp-content\/uploads\/2023\/09\/Icon_arrow-1.svg\" alt=\"\">\n                                                                            export@tarmanmadencilik.com                                            <\/a>\n                                    <a href=\"#\">\n                                                    <img decoding=\"async\" src=\"https:\/\/rrdevs.net\/demos\/wp\/nahla\/wp-content\/uploads\/2023\/09\/Icon_arrow-1.svg\" alt=\"\">\n                                                                            Kayisdagi Cd. 69-A, 34750 Atasehir\/Istanbul                                            <\/a>\n                            <\/div>\n\n        \t\t<\/div>\n\t\t\t\t<\/div>\n\t\t\t\t\t<\/div>\n\t\t<\/div>\n\t\t\t\t<div class=\"elementor-column elementor-col-50 elementor-top-column elementor-element elementor-element-e0ac877\" data-id=\"e0ac877\" data-element_type=\"column\">\n\t\t\t<div class=\"elementor-widget-wrap elementor-element-populated\">\n\t\t\t\t\t\t<div class=\"elementor-element elementor-element-cf04438 elementor-widget elementor-widget-nahla_contact_form\" data-id=\"cf04438\" data-element_type=\"widget\" data-widget_type=\"nahla_contact_form.default\">\n\t\t\t\t<div class=\"elementor-widget-container\">\n\t\t\t\n            <div class=\"contact-wrapper\">\n                <div class=\"contact-right\">\n                    <div class=\"img\">\n                        <img decoding=\"async\" src=\"https:\/\/tarmanmadencilik.com\/wp-content\/themes\/nahla\/.\/assets\/img\/svg-icon\/arrow.svg\" alt=\"\">\n                    <\/div>\n                    <div class=\"section-title p-0\">\n                           \n                            <h6> <span class=\"title-arrow\"><i class=\"fa-solid fa-arrow-right\"><\/i><\/span> Let we Contact<\/h6>\n                                                <h2 class=\"el-nahla-title\">contact us and <br> discover the treasure from nature.<\/h2>                                            <\/div>\n                     \n                        \n<div class=\"wpcf7 no-js\" id=\"wpcf7-f831-o1\" lang=\"en-US\" dir=\"ltr\">\n<div class=\"screen-reader-response\"><p role=\"status\" aria-live=\"polite\" aria-atomic=\"true\"><\/p> <ul><\/ul><\/div>\n<form action=\"\/index.php\/wp-json\/wp\/v2\/pages\/2073#wpcf7-f831-o1\" method=\"post\" class=\"wpcf7-form init\" aria-label=\"Contact form\" novalidate=\"novalidate\" data-status=\"init\">\n<div style=\"display: none;\">\n<input type=\"hidden\" name=\"_wpcf7\" value=\"831\" \/>\n<input type=\"hidden\" name=\"_wpcf7_version\" value=\"5.8.6\" \/>\n<input type=\"hidden\" name=\"_wpcf7_locale\" value=\"en_US\" \/>\n<input type=\"hidden\" name=\"_wpcf7_unit_tag\" value=\"wpcf7-f831-o1\" \/>\n<input type=\"hidden\" name=\"_wpcf7_container_post\" value=\"0\" \/>\n<input type=\"hidden\" name=\"_wpcf7_posted_data_hash\" value=\"\" \/>\n<\/div>\n<div class=\"row\">\n                                <div class=\"col-sm-6\">\n                                    <div class=\"form-group my-2\">\n                                        <label for=\"name\">Your Name<\/label>\n                                        <input type=\"text\" name=\"text\" class=\"form-control\" id=\"name\"  placeholder=\"Enter Your Name\">\n                                    <\/div>\n                                <\/div>\n                                <div class=\"col-sm-6\">\n                                    <div class=\"form-group my-2\">\n                                        <label for=\"mail\">Your Mail<\/label>\n                                        <input type=\"email\" name=\"mail\" class=\"form-control\" id=\"mail\"  placeholder=\"info@tarmanmadencilik.com\">\n                                    <\/div>\n                                <\/div>\n                                <div class=\"col-sm-12\">\n                                    <div class=\"form-group my-2\">\n                                        <label for=\"lable\">Message<\/label>\n                                       <textarea  name=\"massage\" id=\"lable\" cols=\"8\" rows=\"6\" placeholder=\"Write your message\"><\/textarea>\n                                       <small>* Call us 24\/7  or fill out the form below to receive a free.<\/small>\n                                    <\/div>\n                                <\/div>\n                               <div class=\"col-12\">\n                                <div class=\"form-group mt-40\">\n                                    <button type=\"submit\" class=\"theme-btn style-1\">Contact Now!<\/button>\n                                <\/div>\n                               <\/div>\n                            <\/div><div class=\"wpcf7-response-output\" aria-hidden=\"true\"><\/div>\n<\/form>\n<\/div>\n \n                                    <\/div>\n            <\/div>\n\n        \t\t<\/div>\n\t\t\t\t<\/div>\n\t\t\t\t\t<\/div>\n\t\t<\/div>\n\t\t\t\t\t<\/div>\n\t\t<\/section>\n\t\t<div class=\"elementor-element elementor-element-d80aad4 e-flex e-con-boxed e-con e-parent\" data-id=\"d80aad4\" data-element_type=\"container\" data-settings=\"{&quot;content_width&quot;:&quot;boxed&quot;}\" data-core-v316-plus=\"true\">\n\t\t\t\t\t<div class=\"e-con-inner\">\n\t\t\t\t<div class=\"elementor-element elementor-element-7bca38c elementor-widget-divider--view-line elementor-widget elementor-widget-divider\" data-id=\"7bca38c\" data-element_type=\"widget\" data-widget_type=\"divider.default\">\n\t\t\t\t<div class=\"elementor-widget-container\">\n\t\t\t<style>\/*! elementor - v3.19.0 - 29-01-2024 *\/\n.elementor-widget-divider{--divider-border-style:none;--divider-border-width:1px;--divider-color:#0c0d0e;--divider-icon-size:20px;--divider-element-spacing:10px;--divider-pattern-height:24px;--divider-pattern-size:20px;--divider-pattern-url:none;--divider-pattern-repeat:repeat-x}.elementor-widget-divider .elementor-divider{display:flex}.elementor-widget-divider .elementor-divider__text{font-size:15px;line-height:1;max-width:95%}.elementor-widget-divider .elementor-divider__element{margin:0 var(--divider-element-spacing);flex-shrink:0}.elementor-widget-divider .elementor-icon{font-size:var(--divider-icon-size)}.elementor-widget-divider .elementor-divider-separator{display:flex;margin:0;direction:ltr}.elementor-widget-divider--view-line_icon .elementor-divider-separator,.elementor-widget-divider--view-line_text .elementor-divider-separator{align-items:center}.elementor-widget-divider--view-line_icon .elementor-divider-separator:after,.elementor-widget-divider--view-line_icon .elementor-divider-separator:before,.elementor-widget-divider--view-line_text .elementor-divider-separator:after,.elementor-widget-divider--view-line_text .elementor-divider-separator:before{display:block;content:\"\";border-block-end:0;flex-grow:1;border-block-start:var(--divider-border-width) var(--divider-border-style) var(--divider-color)}.elementor-widget-divider--element-align-left .elementor-divider .elementor-divider-separator>.elementor-divider__svg:first-of-type{flex-grow:0;flex-shrink:100}.elementor-widget-divider--element-align-left .elementor-divider-separator:before{content:none}.elementor-widget-divider--element-align-left .elementor-divider__element{margin-left:0}.elementor-widget-divider--element-align-right .elementor-divider .elementor-divider-separator>.elementor-divider__svg:last-of-type{flex-grow:0;flex-shrink:100}.elementor-widget-divider--element-align-right .elementor-divider-separator:after{content:none}.elementor-widget-divider--element-align-right .elementor-divider__element{margin-right:0}.elementor-widget-divider--element-align-start .elementor-divider .elementor-divider-separator>.elementor-divider__svg:first-of-type{flex-grow:0;flex-shrink:100}.elementor-widget-divider--element-align-start .elementor-divider-separator:before{content:none}.elementor-widget-divider--element-align-start .elementor-divider__element{margin-inline-start:0}.elementor-widget-divider--element-align-end .elementor-divider .elementor-divider-separator>.elementor-divider__svg:last-of-type{flex-grow:0;flex-shrink:100}.elementor-widget-divider--element-align-end .elementor-divider-separator:after{content:none}.elementor-widget-divider--element-align-end .elementor-divider__element{margin-inline-end:0}.elementor-widget-divider:not(.elementor-widget-divider--view-line_text):not(.elementor-widget-divider--view-line_icon) .elementor-divider-separator{border-block-start:var(--divider-border-width) var(--divider-border-style) var(--divider-color)}.elementor-widget-divider--separator-type-pattern{--divider-border-style:none}.elementor-widget-divider--separator-type-pattern.elementor-widget-divider--view-line .elementor-divider-separator,.elementor-widget-divider--separator-type-pattern:not(.elementor-widget-divider--view-line) .elementor-divider-separator:after,.elementor-widget-divider--separator-type-pattern:not(.elementor-widget-divider--view-line) .elementor-divider-separator:before,.elementor-widget-divider--separator-type-pattern:not([class*=elementor-widget-divider--view]) .elementor-divider-separator{width:100%;min-height:var(--divider-pattern-height);-webkit-mask-size:var(--divider-pattern-size) 100%;mask-size:var(--divider-pattern-size) 100%;-webkit-mask-repeat:var(--divider-pattern-repeat);mask-repeat:var(--divider-pattern-repeat);background-color:var(--divider-color);-webkit-mask-image:var(--divider-pattern-url);mask-image:var(--divider-pattern-url)}.elementor-widget-divider--no-spacing{--divider-pattern-size:auto}.elementor-widget-divider--bg-round{--divider-pattern-repeat:round}.rtl .elementor-widget-divider .elementor-divider__text{direction:rtl}.e-con-inner>.elementor-widget-divider,.e-con>.elementor-widget-divider{width:var(--container-widget-width,100%);--flex-grow:var(--container-widget-flex-grow)}<\/style>\t\t<div class=\"elementor-divider\">\n\t\t\t<span class=\"elementor-divider-separator\">\n\t\t\t\t\t\t<\/span>\n\t\t<\/div>\n\t\t\t\t<\/div>\n\t\t\t\t<\/div>\n\t\t\t\t\t<\/div>\n\t\t\t\t<\/div>\n\t\t<div class=\"elementor-element elementor-element-18532eb e-flex e-con-boxed e-con e-parent\" data-id=\"18532eb\" data-element_type=\"container\" data-settings=\"{&quot;content_width&quot;:&quot;boxed&quot;}\" data-core-v316-plus=\"true\">\n\t\t\t\t\t<div class=\"e-con-inner\">\n\t\t\t\t<div class=\"elementor-element elementor-element-e442262 elementor-widget elementor-widget-heading\" data-id=\"e442262\" data-element_type=\"widget\" data-widget_type=\"heading.default\">\n\t\t\t\t<div class=\"elementor-widget-container\">\n\t\t\t<style>\/*! elementor - v3.19.0 - 29-01-2024 *\/\n.elementor-heading-title{padding:0;margin:0;line-height:1}.elementor-widget-heading .elementor-heading-title[class*=elementor-size-]>a{color:inherit;font-size:inherit;line-height:inherit}.elementor-widget-heading .elementor-heading-title.elementor-size-small{font-size:15px}.elementor-widget-heading .elementor-heading-title.elementor-size-medium{font-size:19px}.elementor-widget-heading .elementor-heading-title.elementor-size-large{font-size:29px}.elementor-widget-heading .elementor-heading-title.elementor-size-xl{font-size:39px}.elementor-widget-heading .elementor-heading-title.elementor-size-xxl{font-size:59px}<\/style><h2 class=\"elementor-heading-title elementor-size-default\">Our European Representative<\/h2>\t\t<\/div>\n\t\t\t\t<\/div>\n\t\t\t\t\t<\/div>\n\t\t\t\t<\/div>\n\t\t<div class=\"elementor-element elementor-element-ba2bd4a e-flex e-con-boxed e-con e-parent\" data-id=\"ba2bd4a\" data-element_type=\"container\" data-settings=\"{&quot;content_width&quot;:&quot;boxed&quot;}\" data-core-v316-plus=\"true\">\n\t\t\t\t\t<div class=\"e-con-inner\">\n\t\t\t\t<div class=\"elementor-element elementor-element-0121ab0 elementor-widget elementor-widget-author-box\" data-id=\"0121ab0\" data-element_type=\"widget\" data-widget_type=\"author-box.default\">\n\t\t\t\t<div class=\"elementor-widget-container\">\n\t\t\t<link rel=\"stylesheet\" href=\"https:\/\/tarmanmadencilik.com\/wp-content\/plugins\/elementor-pro\/assets\/css\/widget-theme-elements.min.css\">\t\t<div class=\"elementor-author-box\">\n\t\t\t\t\t\t\t<div  class=\"elementor-author-box__avatar\">\n\t\t\t\t\t<img decoding=\"async\" src=\"https:\/\/tarmanmadencilik.com\/wp-content\/uploads\/2025\/03\/WhatsApp-Image-2025-03-24-at-15.53.59-300x233.jpeg\" alt=\"Feren Group \" loading=\"lazy\">\n\t\t\t\t<\/div>\n\t\t\t\n\t\t\t<div class=\"elementor-author-box__text\">\n\t\t\t\t\t\t\t\t\t<div >\n\t\t\t\t\t\t<h4 class=\"elementor-author-box__name\">\n\t\t\t\t\t\t\tFeren Group \t\t\t\t\t\t<\/h4>\n\t\t\t\t\t<\/div>\n\t\t\t\t\n\t\t\t\t\t\t\t\t\t<div class=\"elementor-author-box__bio\">\n\t\t\t\t\t\t<p>Elisabeth-Castonier Platz 5 81829 M\u00fcnchen<br \/>\nFor German  +49 176 31631437<br \/>\nFor English  +49 1525 586 67 05<br \/>\nEmail : info@ferengroup.de<\/p>\n\t\t\t\t\t<\/div>\n\t\t\t\t\n\t\t\t\t\t\t\t<\/div>\n\t\t<\/div>\n\t\t\t\t<\/div>\n\t\t\t\t<\/div>\n\t\t\t\t\t<\/div>\n\t\t\t\t<\/div>\n\t\t\t\t<\/div>\n\t\t","protected":false},"excerpt":{"rendered":"<p>Get In Touch Get In Touch Our Contact Us. +90 (535) 433 80 38 info@tarmanmadencilik.com export@tarmanmadencilik.com Kayisdagi Cd. 69-A, 34750 Atasehir\/Istanbul Let we Contact contact us and discover the treasure from nature. Your Name Your Mail Message * Call us 24\/7 or fill out the form below to receive a free. Contact Now! Our European [&hellip;]<\/p>\n","protected":false},"author":1,"featured_media":0,"parent":0,"menu_order":0,"comment_status":"closed","ping_status":"closed","template":"elementor_header_footer","meta":{"footnotes":""},"_links":{"self":[{"href":"https:\/\/tarmanmadencilik.com\/index.php\/wp-json\/wp\/v2\/pages\/2073"}],"collection":[{"href":"https:\/\/tarmanmadencilik.com\/index.php\/wp-json\/wp\/v2\/pages"}],"about":[{"href":"https:\/\/tarmanmadencilik.com\/index.php\/wp-json\/wp\/v2\/types\/page"}],"author":[{"embeddable":true,"href":"https:\/\/tarmanmadencilik.com\/index.php\/wp-json\/wp\/v2\/users\/1"}],"replies":[{"embeddable":true,"href":"https:\/\/tarmanmadencilik.com\/index.php\/wp-json\/wp\/v2\/comments?post=2073"}],"version-history":[{"count":39,"href":"https:\/\/tarmanmadencilik.com\/index.php\/wp-json\/wp\/v2\/pages\/2073\/revisions"}],"predecessor-version":[{"id":2547,"href":"https:\/\/tarmanmadencilik.com\/index.php\/wp-json\/wp\/v2\/pages\/2073\/revisions\/2547"}],"wp:attachment":[{"href":"https:\/\/tarmanmadencilik.com\/index.php\/wp-json\/wp\/v2\/media?parent=2073"}],"curies":[{"name":"wp","href":"https:\/\/api.w.org\/{rel}","templated":true}]}}